{"id":50,"date":"2022-03-23T22:43:43","date_gmt":"2022-03-23T21:43:43","guid":{"rendered":"https:\/\/zlomczestochowa.pl\/?page_id=50"},"modified":"2022-03-23T23:45:44","modified_gmt":"2022-03-23T22:45:44","slug":"kontakt","status":"publish","type":"page","link":"https:\/\/zlomczestochowa.pl\/","title":{"rendered":"Kontakt"},"content":{"rendered":"\n<p><strong>Hubert<\/strong> <a href=\"tel:+48 724781907\" data-type=\"tel\" data-id=\"tel:+48 724781907\">+48724781907<\/a><\/p>\n\n\n\n<p><strong>Pawe\u0142<\/strong> <a href=\"tel: +48503778283\" data-type=\"tel\" data-id=\"tel: +48503778283\">+48503778283<\/a><\/p>\n\n\n\n<p><strong>Adres:<\/strong><\/p>\n\n\n\n<p>Platinum Skup Z\u0142omu Cz\u0119stochowa<\/p>\n\n\n\n<p>ul. Z\u0142ota 191\/195, 42-202 Cz\u0119stochowa<\/p>\n\n\n\n<iframe src=\"https:\/\/www.google.com\/maps\/embed?pb=!1m18!1m12!1m3!1d2521.523985957948!2d19.159402815744194!3d50.802929779525606!2m3!1f0!2f0!3f0!3m2!1i1024!2i768!4f13.1!3m3!1m2!1s0x4710b52fcf7963ef%3A0xab87c95ca27423c6!2sPlatinum%20Skup%20Z%C5%82omu%20Cz%C4%99stochowa!5e0!3m2!1spl!2spl!4v1648072955579!5m2!1spl!2spl\" width=\"600\" height=\"450\" style=\"border:0;\" allowfullscreen=\"\" loading=\"lazy\"><\/iframe>\n\n\n\n<p><\/p>\n","protected":false},"excerpt":{"rendered":"<p>Hubert +48724781907 Pawe\u0142 +48503778283 Adres: Platinum Skup Z\u0142omu Cz\u0119stochowa ul. Z\u0142ota 191\/195, 42-202 Cz\u0119stochowa<\/p>\n","protected":false},"author":1,"featured_media":0,"parent":0,"menu_order":0,"comment_status":"closed","ping_status":"closed","template":"","meta":{"footnotes":""},"class_list":["post-50","page","type-page","status-publish","hentry"],"_links":{"self":[{"href":"https:\/\/zlomczestochowa.pl\/index.php?rest_route=\/wp\/v2\/pages\/50","targetHints":{"allow":["GET"]}}],"collection":[{"href":"https:\/\/zlomczestochowa.pl\/index.php?rest_route=\/wp\/v2\/pages"}],"about":[{"href":"https:\/\/zlomczestochowa.pl\/index.php?rest_route=\/wp\/v2\/types\/page"}],"author":[{"embeddable":true,"href":"https:\/\/zlomczestochowa.pl\/index.php?rest_route=\/wp\/v2\/users\/1"}],"replies":[{"embeddable":true,"href":"https:\/\/zlomczestochowa.pl\/index.php?rest_route=%2Fwp%2Fv2%2Fcomments&post=50"}],"version-history":[{"count":11,"href":"https:\/\/zlomczestochowa.pl\/index.php?rest_route=\/wp\/v2\/pages\/50\/revisions"}],"predecessor-version":[{"id":73,"href":"https:\/\/zlomczestochowa.pl\/index.php?rest_route=\/wp\/v2\/pages\/50\/revisions\/73"}],"wp:attachment":[{"href":"https:\/\/zlomczestochowa.pl\/index.php?rest_route=%2Fwp%2Fv2%2Fmedia&parent=50"}],"curies":[{"name":"wp","href":"https:\/\/api.w.org\/{rel}","templated":true}]}}